{"id":308,"date":"2020-12-10T03:09:39","date_gmt":"2020-12-10T06:09:39","guid":{"rendered":"https:\/\/www.edisonvara.com.br\/2020\/?page_id=308"},"modified":"2021-04-24T01:19:19","modified_gmt":"2021-04-24T04:19:19","slug":"edison-vara","status":"publish","type":"page","link":"https:\/\/www.edisonvara.com.br\/2020\/edison-vara\/","title":{"rendered":"Edison Vara"},"content":{"rendered":"\t\t<div data-elementor-type=\"wp-page\" data-elementor-id=\"308\" class=\"elementor elementor-308\">\n\t\t\t\t\t\t<section class=\"elementor-section elementor-top-section elementor-element elementor-element-422f2e77 elementor-section-full_width elementor-section-height-default elementor-section-height-default\" data-id=\"422f2e77\" data-element_type=\"section\" data-e-type=\"section\" data-settings=\"{&quot;background_background&quot;:&quot;classic&quot;,&quot;shape_divider_top&quot;:&quot;clouds&quot;,&quot;animation&quot;:&quot;none&quot;}\">\n\t\t\t\t\t\t\t<div class=\"elementor-background-overlay\"><\/div>\n\t\t\t\t\t\t<div class=\"elementor-shape elementor-shape-top\" aria-hidden=\"true\" data-negative=\"false\">\n\t\t\t<svg xmlns=\"http:\/\/www.w3.org\/2000\/svg\" viewBox=\"0 0 283.5 27.8\" preserveAspectRatio=\"xMidYMax slice\">\n  <path class=\"elementor-shape-fill\" d=\"M0 0v6.7c1.9-.8 4.7-1.4 8.5-1 9.5 1.1 11.1 6 11.1 6s2.1-.7 4.3-.2c2.1.5 2.8 2.6 2.8 2.6s.2-.5 1.4-.7c1.2-.2 1.7.2 1.7.2s0-2.1 1.9-2.8c1.9-.7 3.6.7 3.6.7s.7-2.9 3.1-4.1 4.7 0 4.7 0 1.2-.5 2.4 0 1.7 1.4 1.7 1.4h1.4c.7 0 1.2.7 1.2.7s.8-1.8 4-2.2c3.5-.4 5.3 2.4 6.2 4.4.4-.4 1-.7 1.8-.9 2.8-.7 4 .7 4 .7s1.7-5 11.1-6c9.5-1.1 12.3 3.9 12.3 3.9s1.2-4.8 5.7-5.7c4.5-.9 6.8 1.8 6.8 1.8s.6-.6 1.5-.9c.9-.2 1.9-.2 1.9-.2s5.2-6.4 12.6-3.3c7.3 3.1 4.7 9 4.7 9s1.9-.9 4 0 2.8 2.4 2.8 2.4 1.9-1.2 4.5-1.2 4.3 1.2 4.3 1.2.2-1 1.4-1.7 2.1-.7 2.1-.7-.5-3.1 2.1-5.5 5.7-1.4 5.7-1.4 1.5-2.3 4.2-1.1c2.7 1.2 1.7 5.2 1.7 5.2s.3-.1 1.3.5c.5.4.8.8.9 1.1.5-1.4 2.4-5.8 8.4-4 7.1 2.1 3.5 8.9 3.5 8.9s.8-.4 2 0 1.1 1.1 1.1 1.1 1.1-1.1 2.3-1.1 2.1.5 2.1.5 1.9-3.6 6.2-1.2 1.9 6.4 1.9 6.4 2.6-2.4 7.4 0c3.4 1.7 3.9 4.9 3.9 4.9s3.3-6.9 10.4-7.9 11.5 2.6 11.5 2.6.8 0 1.2.2c.4.2.9.9.9.9s4.4-3.1 8.3.2c1.9 1.7 1.5 5 1.5 5s.3-1.1 1.6-1.4c1.3-.3 2.3.2 2.3.2s-.1-1.2.5-1.9 1.9-.9 1.9-.9-4.7-9.3 4.4-13.4c5.6-2.5 9.2.9 9.2.9s5-6.2 15.9-6.2 16.1 8.1 16.1 8.1.7-.2 1.6-.4V0H0z\"\/>\n<\/svg>\n\t\t<\/div>\n\t\t\t\t\t<div class=\"elementor-container elementor-column-gap-default\">\n\t\t\t\t\t<div class=\"elementor-column elementor-col-100 elementor-top-column elementor-element elementor-element-3536070f\" data-id=\"3536070f\" data-element_type=\"column\" data-e-type=\"column\">\n\t\t\t<div class=\"elementor-widget-wrap elementor-element-populated\">\n\t\t\t\t\t\t<section class=\"elementor-section elementor-inner-section elementor-element elementor-element-59fcf425 elementor-section-boxed elementor-section-height-default elementor-section-height-default\" data-id=\"59fcf425\" data-element_type=\"section\" data-e-type=\"section\">\n\t\t\t\t\t\t<div class=\"elementor-container elementor-column-gap-default\">\n\t\t\t\t\t<div class=\"elementor-column elementor-col-100 elementor-inner-column elementor-element elementor-element-360d500a\" data-id=\"360d500a\" data-element_type=\"column\" data-e-type=\"column\">\n\t\t\t<div class=\"elementor-widget-wrap elementor-element-populated\">\n\t\t\t\t\t\t<div class=\"elementor-element elementor-element-7ed3f6e4 elementor-widget elementor-widget-heading\" data-id=\"7ed3f6e4\" data-element_type=\"widget\" data-e-type=\"widget\" data-widget_type=\"heading.default\">\n\t\t\t\t<div class=\"elementor-widget-container\">\n\t\t\t\t\t<h2 class=\"elementor-heading-title elementor-size-default\">Edison Vara<\/h2>\t\t\t\t<\/div>\n\t\t\t\t<\/div>\n\t\t\t\t\t<\/div>\n\t\t<\/div>\n\t\t\t\t\t<\/div>\n\t\t<\/section>\n\t\t\t\t\t<\/div>\n\t\t<\/div>\n\t\t\t\t\t<\/div>\n\t\t<\/section>\n\t\t\t\t<section class=\"elementor-section elementor-top-section elementor-element elementor-element-da0db09 elementor-section-boxed elementor-section-height-default elementor-section-height-default\" data-id=\"da0db09\" data-element_type=\"section\" data-e-type=\"section\">\n\t\t\t\t\t\t<div class=\"elementor-container elementor-column-gap-default\">\n\t\t\t\t\t<div class=\"elementor-column elementor-col-100 elementor-top-column elementor-element elementor-element-4a69b883\" data-id=\"4a69b883\" data-element_type=\"column\" data-e-type=\"column\">\n\t\t\t<div class=\"elementor-widget-wrap elementor-element-populated\">\n\t\t\t\t\t\t<div class=\"elementor-element elementor-element-e26a810 elementor-widget elementor-widget-spacer\" data-id=\"e26a810\" data-element_type=\"widget\" data-e-type=\"widget\" data-widget_type=\"spacer.default\">\n\t\t\t\t<div class=\"elementor-widget-container\">\n\t\t\t\t\t\t\t<div class=\"elementor-spacer\">\n\t\t\t<div class=\"elementor-spacer-inner\"><\/div>\n\t\t<\/div>\n\t\t\t\t\t\t<\/div>\n\t\t\t\t<\/div>\n\t\t\t\t<div class=\"elementor-element elementor-element-36423bbd elementor-widget elementor-widget-text-editor\" data-id=\"36423bbd\" data-element_type=\"widget\" data-e-type=\"widget\" data-widget_type=\"text-editor.default\">\n\t\t\t\t<div class=\"elementor-widget-container\">\n\t\t\t\t\t\t\t\t\t<p><img decoding=\"async\" class=\"alignright wp-image-377 size-full\" src=\"https:\/\/www.edisonvara.com.br\/2020\/wp-content\/uploads\/2020\/12\/quem-somos-edson-vara.jpg\" alt=\"\" width=\"78\" height=\"103\" \/>O rep\u00f3rter fotogr\u00e1fico convive com o perigo quase sem perceber. Sua trincheira \u00e9 o melhor \u00e2ngulo, a arma a c\u00e2mera e o pr\u00eamio a boa foto. Uma profiss\u00e3o cheia de glamour e um modo po\u00e9tico de sobreviver.<\/p><p>O fot\u00f3grafo ser\u00e1 sempre testemunha, raramente personagem. Um animal diferente, armado de teleobjetiva e grande angular, que ca\u00e7a as feras da bola nos est\u00e1dios, adivinhando o drible e antecipando-se ao chute. Nas pistas, espreita nas retas e tocaia nas curvas&#8230;<\/p>\t\t\t\t\t\t\t\t<\/div>\n\t\t\t\t<\/div>\n\t\t\t\t<div class=\"elementor-element elementor-element-b92c82c elementor-widget elementor-widget-heading\" data-id=\"b92c82c\" data-element_type=\"widget\" data-e-type=\"widget\" data-widget_type=\"heading.default\">\n\t\t\t\t<div class=\"elementor-widget-container\">\n\t\t\t\t\t<h4 class=\"elementor-heading-title elementor-size-default\">Conhe\u00e7a<\/h4>\t\t\t\t<\/div>\n\t\t\t\t<\/div>\n\t\t\t\t<div class=\"elementor-element elementor-element-556b174 elementor-widget elementor-widget-text-editor\" data-id=\"556b174\" data-element_type=\"widget\" data-e-type=\"widget\" data-widget_type=\"text-editor.default\">\n\t\t\t\t<div class=\"elementor-widget-container\">\n\t\t\t\t\t\t\t\t\t<p>Na pol\u00edtica encurrala nos bastidores, saca mais r\u00e1pido na reportagem policial e, como \u00e9 c\u00famplice dos fatos, deve sobreviver na guerra. O rep\u00f3rter fotogr\u00e1fico \u00e9 um tipo raro, sens\u00edvel por voca\u00e7\u00e3o e frio por of\u00edcio. Sua fun\u00e7\u00e3o \u00e9 perenizar a vit\u00f3ria ou documentar a trag\u00e9dia, seguindo o roteiro da vida. Enfim, um arquivista, em cor ou preto e branco, da hist\u00f3ria ilustrada do mundo. E esse \u00e9 o mundo e a vida de Edison Vara, um rep\u00f3rter fotogr\u00e1fico. Lemyr Martins, Jornalista e Escritor revista Quatro Rodas e Placar.<\/p>\t\t\t\t\t\t\t\t<\/div>\n\t\t\t\t<\/div>\n\t\t\t\t<div class=\"elementor-element elementor-element-952dc6b elementor-widget elementor-widget-heading\" data-id=\"952dc6b\" data-element_type=\"widget\" data-e-type=\"widget\" data-widget_type=\"heading.default\">\n\t\t\t\t<div class=\"elementor-widget-container\">\n\t\t\t\t\t<h4 class=\"elementor-heading-title elementor-size-default\">Pr\u00eamios<\/h4>\t\t\t\t<\/div>\n\t\t\t\t<\/div>\n\t\t\t\t<div class=\"elementor-element elementor-element-d1efc37 elementor-widget elementor-widget-text-editor\" data-id=\"d1efc37\" data-element_type=\"widget\" data-e-type=\"widget\" data-widget_type=\"text-editor.default\">\n\t\t\t\t<div class=\"elementor-widget-container\">\n\t\t\t\t\t\t\t\t\t<ul><li>Associa\u00e7\u00e3o Riograndense de Imprensa &#8211; 1992, 1993, 1994<\/li><li>Pr\u00eamio Aquisi\u00e7\u00e3o Fotogr\u00e1fica Tur\u00edstica&#8221; CRTUR 1990<\/li><li>Brigada Militar RS- 1992, 1993, 1994<\/li><li>Pr\u00eamio PRESS &#8211; 2000<\/li><li>Pr\u00eamio PRESS &#8211; 2001 &#8211; finalista<\/li><li>Pr\u00eamio PRESS &#8211; 2002<\/li><\/ul>\t\t\t\t\t\t\t\t<\/div>\n\t\t\t\t<\/div>\n\t\t\t\t<div class=\"elementor-element elementor-element-716f4bb elementor-widget elementor-widget-heading\" data-id=\"716f4bb\" data-element_type=\"widget\" data-e-type=\"widget\" data-widget_type=\"heading.default\">\n\t\t\t\t<div class=\"elementor-widget-container\">\n\t\t\t\t\t<h4 class=\"elementor-heading-title elementor-size-default\">Coberturas<\/h4>\t\t\t\t<\/div>\n\t\t\t\t<\/div>\n\t\t\t\t<div class=\"elementor-element elementor-element-a3044a4 elementor-widget elementor-widget-text-editor\" data-id=\"a3044a4\" data-element_type=\"widget\" data-e-type=\"widget\" data-widget_type=\"text-editor.default\">\n\t\t\t\t<div class=\"elementor-widget-container\">\n\t\t\t\t\t\t\t\t\t<p><strong>Internacionais<\/strong><\/p><ul><li>30 anos da Revolu\u00e7\u00e3o Cubana (Cuba, 1989)<\/li><li>Lan\u00e7amento do \u00d4mega (Orlando, EUA, 1993)<\/li><li>Copa Am\u00e9rica (Chile, 1991)<\/li><li>Copa Libertadores (Equador, 1998)<\/li><li>Eliminat\u00f3rias Copa Mundo com sele\u00e7\u00e3o Brasileira de Futebol\u00a0<\/li><\/ul><p>\u00a0<\/p><p><strong>Nacionais<\/strong><\/p><ul><li>1\u00ba a 5\u00ba Bienal de Artes Visuais do Mercosul (Porto Alegre, 1997 e 2005) Fot\u00f3grafo Oficial<\/li><li>Festival de Cinema de Gramado de 1986 a 2011 (fot\u00f3grafo oficial)<\/li><\/ul>\t\t\t\t\t\t\t\t<\/div>\n\t\t\t\t<\/div>\n\t\t\t\t<div class=\"elementor-element elementor-element-040b11d elementor-widget elementor-widget-heading\" data-id=\"040b11d\" data-element_type=\"widget\" data-e-type=\"widget\" data-widget_type=\"heading.default\">\n\t\t\t\t<div class=\"elementor-widget-container\">\n\t\t\t\t\t<h4 class=\"elementor-heading-title elementor-size-default\">Equipamentos<\/h4>\t\t\t\t<\/div>\n\t\t\t\t<\/div>\n\t\t\t\t<div class=\"elementor-element elementor-element-7267a40 elementor-widget elementor-widget-text-editor\" data-id=\"7267a40\" data-element_type=\"widget\" data-e-type=\"widget\" data-widget_type=\"text-editor.default\">\n\t\t\t\t<div class=\"elementor-widget-container\">\n\t\t\t\t\t\t\t\t\t<ul><li>C\u00e2mera Canon EOS Mark IIII ( lentes 14mm, 24-105mm, 20mm, 70-200mm e 400mm : 2.8)<\/li><li>Mac Pro e Mac 27 pol<\/li><li>Flash Canon speedlite 600 EX<\/li><\/ul>\t\t\t\t\t\t\t\t<\/div>\n\t\t\t\t<\/div>\n\t\t\t\t<div class=\"elementor-element elementor-element-4d72875 elementor-widget elementor-widget-heading\" data-id=\"4d72875\" data-element_type=\"widget\" data-e-type=\"widget\" data-widget_type=\"heading.default\">\n\t\t\t\t<div class=\"elementor-widget-container\">\n\t\t\t\t\t<h4 class=\"elementor-heading-title elementor-size-default\">Exposi\u00e7\u00f5es<\/h4>\t\t\t\t<\/div>\n\t\t\t\t<\/div>\n\t\t\t\t<div class=\"elementor-element elementor-element-bf2c42d elementor-widget elementor-widget-text-editor\" data-id=\"bf2c42d\" data-element_type=\"widget\" data-e-type=\"widget\" data-widget_type=\"text-editor.default\">\n\t\t\t\t<div class=\"elementor-widget-container\">\n\t\t\t\t\t\t\t\t\t<ul><li>A hist\u00f3ria de todas As Copas&#8221; Praia de Belas Shopping 2006 &#8211; Curador<\/li><li>Revendo Porto Alegre&#8221; Praia de Belas Shopping 1994 &#8211; Curador<\/li><li>Os 30 Anos da Revolu\u00e7\u00e3o Cubana&#8221; Assembl\u00e9ia Legislativa 1989<\/li><li>Mostra fotogr\u00e1fica&#8221; _ Foto Clube Composi\u00e7\u00e3o _ Pelotas 1984<\/li><li>Fatos &amp; Fotogr\u00e1ficos&#8221; FUNDAPEL _ Pelotas 1984<\/li><li>Exposi\u00e7\u00e3o do Fot\u00f3grafo Eug\u00eanio S\u00e1vio no Iguatemi PoA. (Copa da \u00c1frica 2010) &#8211; Curador<\/li><\/ul>\t\t\t\t\t\t\t\t<\/div>\n\t\t\t\t<\/div>\n\t\t\t\t<div class=\"elementor-element elementor-element-1d709ba1 elementor-widget elementor-widget-spacer\" data-id=\"1d709ba1\" data-element_type=\"widget\" data-e-type=\"widget\" data-widget_type=\"spacer.default\">\n\t\t\t\t<div class=\"elementor-widget-container\">\n\t\t\t\t\t\t\t<div class=\"elementor-spacer\">\n\t\t\t<div class=\"elementor-spacer-inner\"><\/div>\n\t\t<\/div>\n\t\t\t\t\t\t<\/div>\n\t\t\t\t<\/div>\n\t\t\t\t\t<\/div>\n\t\t<\/div>\n\t\t\t\t\t<\/div>\n\t\t<\/section>\n\t\t\t\t<section class=\"elementor-section elementor-top-section elementor-element elementor-element-51dece9 elementor-section-full_width elementor-section-height-default elementor-section-height-default\" data-id=\"51dece9\" data-element_type=\"section\" data-e-type=\"section\" data-settings=\"{&quot;background_background&quot;:&quot;classic&quot;}\">\n\t\t\t\t\t\t<div class=\"elementor-container elementor-column-gap-default\">\n\t\t\t\t\t<div class=\"elementor-column elementor-col-100 elementor-top-column elementor-element elementor-element-3a8745fb\" data-id=\"3a8745fb\" data-element_type=\"column\" data-e-type=\"column\">\n\t\t\t<div class=\"elementor-widget-wrap elementor-element-populated\">\n\t\t\t\t\t\t<section class=\"elementor-section elementor-inner-section elementor-element elementor-element-6df94659 elementor-section-boxed elementor-section-height-default elementor-section-height-default\" data-id=\"6df94659\" data-element_type=\"section\" data-e-type=\"section\">\n\t\t\t\t\t\t<div class=\"elementor-container elementor-column-gap-default\">\n\t\t\t\t\t<div class=\"elementor-column elementor-col-33 elementor-inner-column elementor-element elementor-element-37043958\" data-id=\"37043958\" data-element_type=\"column\" data-e-type=\"column\">\n\t\t\t<div class=\"elementor-widget-wrap elementor-element-populated\">\n\t\t\t\t\t\t<div class=\"elementor-element elementor-element-10e8f736 elementor-widget elementor-widget-text-editor\" data-id=\"10e8f736\" data-element_type=\"widget\" data-e-type=\"widget\" data-widget_type=\"text-editor.default\">\n\t\t\t\t<div class=\"elementor-widget-container\">\n\t\t\t\t\t\t\t\t\t<p>\u00a9 Copyright 2016 \u2013 2021 \u2013 Edison Vara \u2013 Press Photo<\/p><p>Av. Sebasti\u00e3o Amoretti, 6150 \u2013 Taquara, RS \u2013 CEP 95611-250 \u2013 Telefone: (51) 99982.0707<\/p>\t\t\t\t\t\t\t\t<\/div>\n\t\t\t\t<\/div>\n\t\t\t\t\t<\/div>\n\t\t<\/div>\n\t\t\t\t<div class=\"elementor-column elementor-col-33 elementor-inner-column elementor-element elementor-element-7a9e1195\" data-id=\"7a9e1195\" data-element_type=\"column\" data-e-type=\"column\">\n\t\t\t<div class=\"elementor-widget-wrap\">\n\t\t\t\t\t\t\t<\/div>\n\t\t<\/div>\n\t\t\t\t<div class=\"elementor-column elementor-col-33 elementor-inner-column elementor-element elementor-element-248a3dc8\" data-id=\"248a3dc8\" data-element_type=\"column\" data-e-type=\"column\">\n\t\t\t<div class=\"elementor-widget-wrap elementor-element-populated\">\n\t\t\t\t\t\t<div class=\"elementor-element elementor-element-73d83b9 elementor-shape-rounded elementor-grid-0 e-grid-align-center elementor-widget elementor-widget-social-icons\" data-id=\"73d83b9\" data-element_type=\"widget\" data-e-type=\"widget\" data-widget_type=\"social-icons.default\">\n\t\t\t\t<div class=\"elementor-widget-container\">\n\t\t\t\t\t\t\t<div class=\"elementor-social-icons-wrapper elementor-grid\" role=\"list\">\n\t\t\t\t\t\t\t<span class=\"elementor-grid-item\" role=\"listitem\">\n\t\t\t\t\t<a class=\"elementor-icon elementor-social-icon elementor-social-icon-facebook elementor-repeater-item-1e39955\" href=\"#\" target=\"_blank\">\n\t\t\t\t\t\t<span class=\"elementor-screen-only\">Facebook<\/span>\n\t\t\t\t\t\t<i aria-hidden=\"true\" class=\"fab fa-facebook\"><\/i>\t\t\t\t\t<\/a>\n\t\t\t\t<\/span>\n\t\t\t\t\t\t\t<span class=\"elementor-grid-item\" role=\"listitem\">\n\t\t\t\t\t<a class=\"elementor-icon elementor-social-icon elementor-social-icon-instagram elementor-repeater-item-e6cc26b\" href=\"#\" target=\"_blank\">\n\t\t\t\t\t\t<span class=\"elementor-screen-only\">Instagram<\/span>\n\t\t\t\t\t\t<i aria-hidden=\"true\" class=\"fab fa-instagram\"><\/i>\t\t\t\t\t<\/a>\n\t\t\t\t<\/span>\n\t\t\t\t\t\t\t<span class=\"elementor-grid-item\" role=\"listitem\">\n\t\t\t\t\t<a class=\"elementor-icon elementor-social-icon elementor-social-icon-youtube elementor-repeater-item-823d04f\" href=\"#\" target=\"_blank\">\n\t\t\t\t\t\t<span class=\"elementor-screen-only\">Youtube<\/span>\n\t\t\t\t\t\t<i aria-hidden=\"true\" class=\"fab fa-youtube\"><\/i>\t\t\t\t\t<\/a>\n\t\t\t\t<\/span>\n\t\t\t\t\t<\/div>\n\t\t\t\t\t\t<\/div>\n\t\t\t\t<\/div>\n\t\t\t\t\t<\/div>\n\t\t<\/div>\n\t\t\t\t\t<\/div>\n\t\t<\/section>\n\t\t\t\t\t<\/div>\n\t\t<\/div>\n\t\t\t\t\t<\/div>\n\t\t<\/section>\n\t\t\t\t<\/div>\n\t\t","protected":false},"excerpt":{"rendered":"<p>Edison Vara O rep\u00f3rter fotogr\u00e1fico convive com o perigo quase sem perceber. Sua trincheira \u00e9 o melhor \u00e2ngulo, a arma a c\u00e2mera e o pr\u00eamio a boa foto. Uma profiss\u00e3o cheia de glamour e um modo po\u00e9tico de sobreviver. O fot\u00f3grafo ser\u00e1 sempre testemunha, raramente&#8230;<\/p>\n","protected":false},"author":1,"featured_media":0,"parent":0,"menu_order":0,"comment_status":"closed","ping_status":"closed","template":"full_width.php","meta":{"footnotes":""},"class_list":["post-308","page","type-page","status-publish","hentry"],"_links":{"self":[{"href":"https:\/\/www.edisonvara.com.br\/2020\/wp-json\/wp\/v2\/pages\/308","targetHints":{"allow":["GET"]}}],"collection":[{"href":"https:\/\/www.edisonvara.com.br\/2020\/wp-json\/wp\/v2\/pages"}],"about":[{"href":"https:\/\/www.edisonvara.com.br\/2020\/wp-json\/wp\/v2\/types\/page"}],"author":[{"embeddable":true,"href":"https:\/\/www.edisonvara.com.br\/2020\/wp-json\/wp\/v2\/users\/1"}],"replies":[{"embeddable":true,"href":"https:\/\/www.edisonvara.com.br\/2020\/wp-json\/wp\/v2\/comments?post=308"}],"version-history":[{"count":0,"href":"https:\/\/www.edisonvara.com.br\/2020\/wp-json\/wp\/v2\/pages\/308\/revisions"}],"wp:attachment":[{"href":"https:\/\/www.edisonvara.com.br\/2020\/wp-json\/wp\/v2\/media?parent=308"}],"curies":[{"name":"wp","href":"https:\/\/api.w.org\/{rel}","templated":true}]}}